{"id":178,"date":"2024-01-06T13:34:27","date_gmt":"2024-01-06T12:34:27","guid":{"rendered":"https:\/\/chezjuliettebienetre.fr\/?page_id=178"},"modified":"2026-02-23T15:35:14","modified_gmt":"2026-02-23T14:35:14","slug":"les-soins-visage","status":"publish","type":"page","link":"https:\/\/chezjuliettebienetre.fr\/index.php\/les-soins-visage\/","title":{"rendered":"Les soins visage"},"content":{"rendered":"\n<div class=\"wp-block-columns is-layout-flex wp-container-core-columns-is-layout-28f84493 wp-block-columns-is-layout-flex\">\n<div class=\"wp-block-column is-layout-flow wp-block-column-is-layout-flow\" style=\"flex-basis:50%\">\n<figure class=\"wp-block-image alignleft size-large is-style-default\"><img loading=\"lazy\" decoding=\"async\" width=\"1024\" height=\"683\" src=\"https:\/\/chezjuliettebienetre.fr\/wp-content\/uploads\/2024\/01\/iStock-829429098-1024x683.jpg\" alt=\"\" class=\"wp-image-130\" srcset=\"https:\/\/chezjuliettebienetre.fr\/wp-content\/uploads\/2024\/01\/iStock-829429098-1024x683.jpg 1024w, https:\/\/chezjuliettebienetre.fr\/wp-content\/uploads\/2024\/01\/iStock-829429098-300x200.jpg 300w, https:\/\/chezjuliettebienetre.fr\/wp-content\/uploads\/2024\/01\/iStock-829429098-768x512.jpg 768w, https:\/\/chezjuliettebienetre.fr\/wp-content\/uploads\/2024\/01\/iStock-829429098-1536x1024.jpg 1536w, https:\/\/chezjuliettebienetre.fr\/wp-content\/uploads\/2024\/01\/iStock-829429098-2048x1365.jpg 2048w\" sizes=\"auto, (max-width: 1024px) 100vw, 1024px\" \/><\/figure>\n<\/div>\n\n\n\n<div class=\"wp-block-column is-vertically-aligned-center is-content-justification-center is-layout-constrained wp-block-column-is-layout-constrained\" style=\"flex-basis:50%\">\n<p class=\"has-text-align-left\"><em>\u00c9quilibrant les \u00e9nergies vitales, nettoyant en profondeur et apportant une hydratation naturelle, les soins visage visent \u00e0 r\u00e9v\u00e9ler une beaut\u00e9 \u00e9clatante, ancr\u00e9e dans la sagesse de l&rsquo;Ayurveda.<\/em><\/p>\n\n\n\n<p class=\"has-text-align-left\"><em>Offrez-vous une exp\u00e9rience unique o\u00f9 d\u00e9tente et r\u00e9g\u00e9n\u00e9ration se rencontrent pour sublimer votre peau.<\/em><\/p>\n<\/div>\n<\/div>\n\n\n\n<div class=\"wp-block-columns is-layout-flex wp-container-core-columns-is-layout-28f84493 wp-block-columns-is-layout-flex\">\n<div class=\"wp-block-column is-layout-flow wp-block-column-is-layout-flow\" style=\"flex-basis:100%\">\n<div style=\"height:100px\" aria-hidden=\"true\" class=\"wp-block-spacer\"><\/div>\n<\/div>\n<\/div>\n\n\n\n<div class=\"wp-block-group is-layout-constrained wp-block-group-is-layout-constrained\">\n<h4 class=\"wp-block-heading\">D\u00c9TENTE &#8211; 60 min<\/h4>\n<\/div>\n\n\n\n<p><em>Alternance<strong> <\/strong>de nettoyage et de d\u00e9tente. Ce soin \u00e9quilibre les fonctions cutan\u00e9es et favorise la relaxation. <\/em> <em>D\u00e9tend\u2002les traits et \u00e9claircit le teint. <\/em><\/p>\n\n\n\n<p class=\"has-text-align-right\"><strong>60\u20ac<\/strong><\/p>\n\n\n\n<h4 class=\"wp-block-heading\">POTLI &#8211; 75 min<\/h4>\n\n\n\n<p><em>Soin aux pochons ti\u00e8des de riz rouge<strong>\u00a0<\/strong>qui apporte douceur, d\u00e9tente et \u00e9clat; Pour toutes les peaux \u00e9quilibr\u00e9es. Si vous avez envie d\u2019originalit\u00e9 ou envie de produits \u00ab\u00a0maison\u00a0\u00bb ou d\u2019apaiser le mental \u00e0 travers un soin visage avec des produits simples, naturels et bio<\/em>.<\/p>\n\n\n\n<p class=\"has-text-align-right\"><strong>70\u20ac<\/strong><\/p>\n\n\n\n<h4 class=\"wp-block-heading\">JYOTI &#8211; 75 min<\/h4>\n\n\n\n<p><em>Soin visage \u00e9clat, bras et mains aux huiles et pierres semi-pr\u00e9cieuses pour r\u00e9v\u00e9ler la lumi\u00e8re de la beaut\u00e9 int\u00e9rieure. Il d\u00e9tend les traits et apaise le mental.<\/em><\/p>\n\n\n\n<p class=\"has-text-align-right\"><strong>70\u20ac<\/strong><\/p>\n\n\n\n<h4 class=\"wp-block-heading has-text-align-left\">MUKHABHYANGA &#8211; 75 min<\/h4>\n\n\n\n<p><em>Soin jeunesse anti-\u00e2ge destin\u00e9 aux personnes d\u00e9sirant un soin avec l\u2019utilisation de produits\u00a0simples, naturels et bio. Il unifie et\u00a0\u00e9claircit le teint<\/em>.<em> D\u00e9tend les traits et \u00e9limine les effets visibles du stress.<\/em><\/p>\n\n\n\n<p class=\"has-text-align-right\"><strong>75\u20ac<\/strong><\/p>\n\n\n\n<h4 class=\"wp-block-heading\">IRIS, soin pour peau hypersensible &#8211; 60 min<\/h4>\n\n\n\n<p><em>Soin rafra\u00eechissant et apaisant des peaux sensibles, irrit\u00e9es, intol\u00e9rantes et allergiques.<\/em> <em>Nourrit et hydrate en profondeur.<\/em><\/p>\n\n\n\n<p class=\"has-text-align-right\"><strong>75\u20ac<\/strong><\/p>\n\n\n\n<h4 class=\"wp-block-heading\">ROYAL, beaut\u00e9 divine &#8211; 75 min<\/h4>\n\n\n\n<p><em>Soin visage pr\u00e9cieux anti-\u00e2ge pour retrouver une peau lisse et \u00e9clatante; avec l\u2019utilisation de pierres semi-pr\u00e9cieuses qui&nbsp;&nbsp;\u00e9liminent le stress et les tensions.<\/em> <em>Illumine et r\u00e9g\u00e9n\u00e8re la peau du visage.<\/em><\/p>\n\n\n\n<p class=\"has-text-align-right\"><strong>85\u20ac<\/strong><\/p>\n\n\n\n<h4 class=\"wp-block-heading\">SOIN HARMONISANT VISAGE ET CORPS &#8211; 75 min<\/h4>\n\n\n\n<p><em>Alternance de soin et de d\u00e9tente. Ce soin visage permet \u00e0 la peau de retrouver un \u00e9quilibre et d\u2019effacer les signes de fatigue. Il favorise le l\u00e2cher prise et vous emm\u00e8ne dans une relaxation profonde pendant le massage de certains points \u00e9nerg\u00e9tiques du corps et pendant l\u2019application des huiles pr\u00e9cieuses qui att\u00e9nuent les imperfections et redonnent \u00e0 la peau \u00e9clat, tonicit\u00e9 et velout\u00e9. <\/em> <em>V\u00e9ritable soin du visage anti stress.<\/em><\/p>\n\n\n\n<p class=\"has-text-align-right\"><strong>80\u20ac<\/strong><\/p>\n\n\n\n<div style=\"height:100px\" aria-hidden=\"true\" class=\"wp-block-spacer\"><\/div>\n\n\n\n<div class=\"wp-block-buttons is-content-justification-center is-layout-flex wp-container-core-buttons-is-layout-a89b3969 wp-block-buttons-is-layout-flex\">\n<div class=\"wp-block-button\"><a class=\"wp-block-button__link wp-element-button\" href=\"mailto:chezjuliette.bienetre@gmail.com\">R\u00e9server un soin<\/a><\/div>\n\n\n\n<div class=\"wp-block-button\"><a class=\"wp-block-button__link wp-element-button\" href=\"https:\/\/chezjuliettebienetre.fr\/index.php\/mes-soins\/\">&lt; Pr\u00e9c\u00e9dent<\/a><\/div>\n\n\n\n<div class=\"wp-block-button\"><a class=\"wp-block-button__link wp-element-button\" href=\"https:\/\/chezjuliettebienetre.fr\">Retour page d&rsquo;accueil<\/a><\/div>\n<\/div>\n\n\n\n<div class=\"wp-block-group is-layout-constrained wp-block-group-is-layout-constrained\">\n<div style=\"height:100px\" aria-hidden=\"true\" class=\"wp-block-spacer\"><\/div>\n<\/div>\n\n\n\n<div class=\"wp-block-group has-raft-bg-alt-background-color has-background is-layout-constrained wp-block-group-is-layout-constrained\" style=\"margin-top:0;margin-bottom:0;padding-top:64px;padding-bottom:64px\">\n<div class=\"wp-block-columns alignwide is-layout-flex wp-container-core-columns-is-layout-28f84493 wp-block-columns-is-layout-flex\">\n<div class=\"wp-block-column is-layout-flow wp-block-column-is-layout-flow\">\n<h3 class=\"wp-block-heading has-normal-font-size\" style=\"text-transform:uppercase\">chez juliette<\/h3>\n\n\n\n<p>Soins naturels visage et corps personnalis\u00e9s en P\u00e9v\u00e8le, M\u00e9lantois et M\u00e9tropole Lilloise<\/p>\n\n\n\n<div class=\"wp-block-buttons is-layout-flex wp-block-buttons-is-layout-flex\">\n<div class=\"wp-block-button\"><a class=\"wp-block-button__link wp-element-button\" href=\"https:\/\/chezjuliettebienetre.fr\/index.php\/mes-soins\/\" style=\"padding-top:8px;padding-right:16px;padding-bottom:8px;padding-left:16px\">D\u00e9couvrir mes prestations<\/a><\/div>\n<\/div>\n<\/div>\n\n\n\n<div class=\"wp-block-column is-layout-flow wp-block-column-is-layout-flow\">\n<h3 class=\"wp-block-heading has-text-align-left has-normal-font-size\" style=\"text-transform:uppercase\">RESTONS EN CONTACT<\/h3>\n\n\n\n<p class=\"has-text-align-left\">Retrouvez-moi sur les r\u00e9seaux et abonnez-vous pour suivre au quotidien mes conseils bien-\u00eatre<\/p>\n\n\n\n<ul class=\"wp-block-social-links has-icon-color has-icon-background-color is-content-justification-left is-layout-flex wp-container-core-social-links-is-layout-fc4fd283 wp-block-social-links-is-layout-flex\"><li style=\"color:#FDFDFD;background-color:#C26148;\" class=\"wp-social-link wp-social-link-facebook has-raft-fg-alt-color has-raft-accent-background-color wp-block-social-link\"><a href=\"https:\/\/www.facebook.com\/chezjuliette.bienetre\" class=\"wp-block-social-link-anchor\"><svg width=\"24\" height=\"24\" viewBox=\"0 0 24 24\" version=\"1.1\" xmlns=\"http:\/\/www.w3.org\/2000\/svg\" aria-hidden=\"true\" focusable=\"false\"><path d=\"M12 2C6.5 2 2 6.5 2 12c0 5 3.7 9.1 8.4 9.9v-7H7.9V12h2.5V9.8c0-2.5 1.5-3.9 3.8-3.9 1.1 0 2.2.2 2.2.2v2.5h-1.3c-1.2 0-1.6.8-1.6 1.6V12h2.8l-.4 2.9h-2.3v7C18.3 21.1 22 17 22 12c0-5.5-4.5-10-10-10z\"><\/path><\/svg><span class=\"wp-block-social-link-label screen-reader-text\">Facebook<\/span><\/a><\/li>\n\n<li style=\"color:#FDFDFD;background-color:#C26148;\" class=\"wp-social-link wp-social-link-instagram has-raft-fg-alt-color has-raft-accent-background-color wp-block-social-link\"><a href=\"https:\/\/www.instagram.com\/chezjuliette_bienetre\" class=\"wp-block-social-link-anchor\"><svg width=\"24\" height=\"24\" viewBox=\"0 0 24 24\" version=\"1.1\" xmlns=\"http:\/\/www.w3.org\/2000\/svg\" aria-hidden=\"true\" focusable=\"false\"><path d=\"M12,4.622c2.403,0,2.688,0.009,3.637,0.052c0.877,0.04,1.354,0.187,1.671,0.31c0.42,0.163,0.72,0.358,1.035,0.673 c0.315,0.315,0.51,0.615,0.673,1.035c0.123,0.317,0.27,0.794,0.31,1.671c0.043,0.949,0.052,1.234,0.052,3.637 s-0.009,2.688-0.052,3.637c-0.04,0.877-0.187,1.354-0.31,1.671c-0.163,0.42-0.358,0.72-0.673,1.035 c-0.315,0.315-0.615,0.51-1.035,0.673c-0.317,0.123-0.794,0.27-1.671,0.31c-0.949,0.043-1.233,0.052-3.637,0.052 s-2.688-0.009-3.637-0.052c-0.877-0.04-1.354-0.187-1.671-0.31c-0.42-0.163-0.72-0.358-1.035-0.673 c-0.315-0.315-0.51-0.615-0.673-1.035c-0.123-0.317-0.27-0.794-0.31-1.671C4.631,14.688,4.622,14.403,4.622,12 s0.009-2.688,0.052-3.637c0.04-0.877,0.187-1.354,0.31-1.671c0.163-0.42,0.358-0.72,0.673-1.035 c0.315-0.315,0.615-0.51,1.035-0.673c0.317-0.123,0.794-0.27,1.671-0.31C9.312,4.631,9.597,4.622,12,4.622 M12,3 C9.556,3,9.249,3.01,8.289,3.054C7.331,3.098,6.677,3.25,6.105,3.472C5.513,3.702,5.011,4.01,4.511,4.511 c-0.5,0.5-0.808,1.002-1.038,1.594C3.25,6.677,3.098,7.331,3.054,8.289C3.01,9.249,3,9.556,3,12c0,2.444,0.01,2.751,0.054,3.711 c0.044,0.958,0.196,1.612,0.418,2.185c0.23,0.592,0.538,1.094,1.038,1.594c0.5,0.5,1.002,0.808,1.594,1.038 c0.572,0.222,1.227,0.375,2.185,0.418C9.249,20.99,9.556,21,12,21s2.751-0.01,3.711-0.054c0.958-0.044,1.612-0.196,2.185-0.418 c0.592-0.23,1.094-0.538,1.594-1.038c0.5-0.5,0.808-1.002,1.038-1.594c0.222-0.572,0.375-1.227,0.418-2.185 C20.99,14.751,21,14.444,21,12s-0.01-2.751-0.054-3.711c-0.044-0.958-0.196-1.612-0.418-2.185c-0.23-0.592-0.538-1.094-1.038-1.594 c-0.5-0.5-1.002-0.808-1.594-1.038c-0.572-0.222-1.227-0.375-2.185-0.418C14.751,3.01,14.444,3,12,3L12,3z M12,7.378 c-2.552,0-4.622,2.069-4.622,4.622S9.448,16.622,12,16.622s4.622-2.069,4.622-4.622S14.552,7.378,12,7.378z M12,15 c-1.657,0-3-1.343-3-3s1.343-3,3-3s3,1.343,3,3S13.657,15,12,15z M16.804,6.116c-0.596,0-1.08,0.484-1.08,1.08 s0.484,1.08,1.08,1.08c0.596,0,1.08-0.484,1.08-1.08S17.401,6.116,16.804,6.116z\"><\/path><\/svg><span class=\"wp-block-social-link-label screen-reader-text\">Instagram<\/span><\/a><\/li><\/ul>\n<\/div>\n<\/div>\n<\/div>\n","protected":false},"excerpt":{"rendered":"<p>\u00c9quilibrant les \u00e9nergies vitales, nettoyant en profondeur et apportant une hydratation naturelle, les soins visage visent \u00e0 r\u00e9v\u00e9ler une beaut\u00e9 \u00e9clatante, ancr\u00e9e dans la sagesse de l&rsquo;Ayurveda. Offrez-vous une exp\u00e9rience unique o\u00f9 d\u00e9tente et r\u00e9g\u00e9n\u00e9ration se rencontrent pour sublimer votre peau. D\u00c9TENTE &#8211; 60 min Alternance de nettoyage et de d\u00e9tente. Ce soin \u00e9quilibre les [&hellip;]<\/p>\n","protected":false},"author":1,"featured_media":0,"parent":0,"menu_order":0,"comment_status":"closed","ping_status":"closed","template":"","meta":{"footnotes":""},"class_list":["post-178","page","type-page","status-publish","hentry"],"_links":{"self":[{"href":"https:\/\/chezjuliettebienetre.fr\/index.php\/wp-json\/wp\/v2\/pages\/178","targetHints":{"allow":["GET"]}}],"collection":[{"href":"https:\/\/chezjuliettebienetre.fr\/index.php\/wp-json\/wp\/v2\/pages"}],"about":[{"href":"https:\/\/chezjuliettebienetre.fr\/index.php\/wp-json\/wp\/v2\/types\/page"}],"author":[{"embeddable":true,"href":"https:\/\/chezjuliettebienetre.fr\/index.php\/wp-json\/wp\/v2\/users\/1"}],"replies":[{"embeddable":true,"href":"https:\/\/chezjuliettebienetre.fr\/index.php\/wp-json\/wp\/v2\/comments?post=178"}],"version-history":[{"count":22,"href":"https:\/\/chezjuliettebienetre.fr\/index.php\/wp-json\/wp\/v2\/pages\/178\/revisions"}],"predecessor-version":[{"id":302,"href":"https:\/\/chezjuliettebienetre.fr\/index.php\/wp-json\/wp\/v2\/pages\/178\/revisions\/302"}],"wp:attachment":[{"href":"https:\/\/chezjuliettebienetre.fr\/index.php\/wp-json\/wp\/v2\/media?parent=178"}],"curies":[{"name":"wp","href":"https:\/\/api.w.org\/{rel}","templated":true}]}}