{"id":233,"date":"2024-11-21T22:29:45","date_gmt":"2024-11-21T21:29:45","guid":{"rendered":"https:\/\/chezjuliettebienetre.fr\/?page_id=233"},"modified":"2026-03-31T19:59:35","modified_gmt":"2026-03-31T17:59:35","slug":"les-soins-corps","status":"publish","type":"page","link":"https:\/\/chezjuliettebienetre.fr\/index.php\/les-soins-corps\/","title":{"rendered":"Les soins corps"},"content":{"rendered":"\n<div class=\"wp-block-columns is-layout-flex wp-container-core-columns-is-layout-28f84493 wp-block-columns-is-layout-flex\">\n<div class=\"wp-block-column is-layout-flow wp-block-column-is-layout-flow\" style=\"flex-basis:50%\">\n<figure class=\"wp-block-image alignleft size-full is-style-default\"><img loading=\"lazy\" decoding=\"async\" width=\"612\" height=\"408\" src=\"https:\/\/chezjuliettebienetre.fr\/wp-content\/uploads\/2024\/11\/istockphoto-517753190-612x612-1.jpeg\" alt=\"soins corps\" class=\"wp-image-248\" srcset=\"https:\/\/chezjuliettebienetre.fr\/wp-content\/uploads\/2024\/11\/istockphoto-517753190-612x612-1.jpeg 612w, https:\/\/chezjuliettebienetre.fr\/wp-content\/uploads\/2024\/11\/istockphoto-517753190-612x612-1-300x200.jpeg 300w\" sizes=\"auto, (max-width: 612px) 100vw, 612px\" \/><\/figure>\n<\/div>\n\n\n\n<div class=\"wp-block-column is-vertically-aligned-center is-content-justification-center is-layout-constrained wp-block-column-is-layout-constrained\" style=\"flex-basis:50%\">\n<p class=\"has-text-align-left\"><em>Relaxant, \u00e9nergisant, th\u00e9rapeutique, le massage pr\u00e9sente de nombreuses vertus sant\u00e9. Si sa pratique diff\u00e8re d&rsquo;une tradition \u00e0 l&rsquo;autre, il reste un outil de bien-\u00eatre pour pr\u00e9server son corps et son esprit.<\/em><\/p>\n\n\n\n<p class=\"has-text-align-left\"><em>Offrez-vous un moment unique de l\u00e2cher prise et de s\u00e9r\u00e9nit\u00e9.<\/em><\/p>\n<\/div>\n<\/div>\n\n\n\n<div class=\"wp-block-columns is-layout-flex wp-container-core-columns-is-layout-28f84493 wp-block-columns-is-layout-flex\">\n<div class=\"wp-block-column is-layout-flow wp-block-column-is-layout-flow\" style=\"flex-basis:100%\">\n<div style=\"height:25px\" aria-hidden=\"true\" class=\"wp-block-spacer\"><\/div>\n<\/div>\n<\/div>\n\n\n\n<div class=\"wp-block-group is-layout-constrained wp-block-group-is-layout-constrained\">\n<h4 class=\"wp-block-heading\"><\/h4>\n<\/div>\n\n\n\n<h4 class=\"wp-block-heading has-text-align-left\"><strong>UDARA<\/strong> &#8211; 45 min<\/h4>\n\n\n\n<p><em>Soin du ventre pour lutter contre les ballonnements, la constipation, la fatigue et le stress intense<\/em><\/p>\n\n\n\n<p class=\"has-text-align-right\"><strong>60\u20ac<\/strong><\/p>\n\n\n\n<h4 class=\"wp-block-heading\"><strong>KERALA<\/strong> &#8211; 60 min<\/h4>\n\n\n\n<p><em>Soin rapide et tonique pour nettoyer et activer la circulation des \u00e9nergies. Modelage id\u00e9al pour retrouver votre dynamisme, joie de vivre, courage et l\u2019envie d\u2019avancer.&nbsp;<\/em><\/p>\n\n\n\n<p class=\"has-text-align-right\"><strong>75\u20ac<\/strong><\/p>\n\n\n\n<h4 class=\"wp-block-heading has-text-align-left\"><strong>GAMATHI<\/strong> &#8211; 60 min<\/h4>\n\n\n\n<p><em>Soin des jambes l\u00e9g\u00e8res \u00ab&nbsp;effet froid&nbsp;\u00bb qui permet de drainer et de tonifier les tissus pour diminuer les manifestations des jambes les lourdes et douloureuses<\/em><\/p>\n\n\n\n<p class=\"has-text-align-right\"><strong>75\u20ac<\/strong><\/p>\n\n\n\n<h4 class=\"wp-block-heading\"><strong>STHAPNI, soin supr\u00eame visage et corps aux poudres aromatiques de soie<\/strong> &#8211; 75 min<\/h4>\n\n\n\n<p><em>Apporte puret\u00e9, douceur , d\u00e9tente et dynamisme. Eveille le corps et combat la fatigue<\/em>. <em>Les poudres utilis\u00e9es renferment beaucoup d\u2019huiles essentielles 100% pures et naturelles comme le gingembre, le pin sylvestre, la bergamote\u2026.C\u2019est un soin tr\u00e8s puissant \u00e0 faire lorsqu\u2019on est en harmonie avec soi.<\/em><\/p>\n\n\n\n<p class=\"has-text-align-right\"><strong>75\u20ac<\/strong><\/p>\n\n\n\n<h4 class=\"wp-block-heading\"><strong>PINDA OTHADHAM, soin relaxant aux pochons chauds<\/strong> &#8211; 75 min<\/h4>\n\n\n\n<p><em>Les pochons renferment des plantes, des herbes aromatiques et des huiles essentielles, bourr\u00e9es de principes actifs lib\u00e9r\u00e9s sous l\u2019action de la chaleur. Permet de d\u00e9nouer les tensions et raideurs musculaires.<\/em> <em>Apporte une grande relaxation, gr\u00e2ce \u00e0 la temp\u00e9rature de l\u2019huile, des pochons et des massages effectu\u00e9s sur les muscles et points \u00e9nerg\u00e9tiques. C\u2019est un grand moment de d\u00e9tente.<\/em><\/p>\n\n\n\n<p class=\"has-text-align-right\"><strong>109\u20ac<\/strong><br><em><strong>Pochons personnels et r\u00e9utilisables lors de votre prochain soin \u00e0 75\u20ac<\/strong><\/em><\/p>\n\n\n\n<h4 class=\"wp-block-heading\"><strong>SOIN S\u00c9R\u00c9NIT\u00c9, anti stress<\/strong> &#8211; 75 min<\/h4>\n\n\n\n<p><em>Soin relaxant complet du corps et de t\u00eate avec \u00e9tirement, flexion, pression, lissage, \u2026 (type massage californien).<\/em> <em>Application d\u2019huile chaude \u00e0 base d\u2019huiles essentielles 100% naturelles de votre temp\u00e9rament Vata, Pitta ou Kapha sur tout le corps Procure douceur, bien &#8211; \u00eatre et \u00e9quilibre. Elimine les toxines et d\u00e9contracte les muscles.<\/em> <em>Favorise la d\u00e9tente, \u00e9vacue les tensions, la nervosit\u00e9, les \u00e9motions et permet de retrouver de la vitalit\u00e9.<\/em><\/p>\n\n\n\n<p class=\"has-text-align-right\"><strong>75\u20ac<\/strong><\/p>\n\n\n\n<h4 class=\"wp-block-heading\"><strong>ABHYANGA MARMA, soin traditionnel ayurvedique<\/strong> &#8211; 75 min <\/h4>\n\n\n\n<p><em><em>Ce massage relaxant et profond stimule la circulation par des frictions dynamiques, il permet de diminuer l&rsquo;exc\u00e8s de chaque dosha (Vata, Pitta, Kapha), ce soin \u00e9quilibre le corps et l\u2019esprit<\/em><strong><em>.<\/em><\/strong><\/em><\/p>\n\n\n\n<p class=\"has-text-align-right\"><strong>80\u20ac<\/strong><\/p>\n\n\n\n<h4 class=\"wp-block-heading has-text-align-left\"><strong><strong>GARBHVATI<\/strong><\/strong> &#8211; 75 min<\/h4>\n\n\n\n<p><em>Massage de la femme enceinte : En Inde, la femme est mass\u00e9e r\u00e9guli\u00e8rement tout au long de la grossesse, mais aussi avant et apr\u00e8s.&nbsp; Doux, enveloppant, apaisant, chaleureux et bienfaisant, il permet de vivre ce moment de bonheur de fa\u00e7on sereine.<\/em><\/p>\n\n\n\n<p class=\"has-text-align-right\"><strong>80\u20ac<\/strong><\/p>\n\n\n\n<h4 class=\"wp-block-heading\"><strong><strong>RATNA ABHYANGA, soin aux pierres semi-pr\u00e9cieuses<\/strong><\/strong> &#8211; 120 min<\/h4>\n\n\n\n<p><em>Fortifie et harmonise le corps et l\u2019esprit, soulage les tensions physiques, mentales et \u00e9motionnelles.<\/em> <em>Equilibre la circulation \u00e9nerg\u00e9tique et apporte de l\u2019\u00e9nergie positive, \u00e9limine les toxines<\/em>. <em>Le soin commence par un massage doux, fluide, enveloppant, \u00e0 l\u2019huile chaude pour laisser la place \u00e0 la magie des huiles essentielles et des pierres semi-pr\u00e9cieuses : la d\u00e9tente vous envahit.<\/em><\/p>\n\n\n\n<p class=\"has-text-align-right\"><strong>110\u20ac<\/strong><\/p>\n\n\n\n<h4 class=\"wp-block-heading\"><strong><strong>SHIROABHYANGA, massage cr\u00e2nien<\/strong><\/strong> &#8211; 30 min<\/h4>\n\n\n\n<p><em>Massage-lissage du cr\u00e2ne avec de l\u2019huile chaude. Stimule le cuir chevelu; vos cheveux sont plus doux et brillants.<\/em> <em>Procure un grand apaisement; diminue les tensions et fait baisser le stress et l\u2019anxi\u00e9t\u00e9. Permet le vide mental et pr\u00e9pare au sommeil<em>.<\/em><\/em><\/p>\n\n\n\n<p class=\"has-text-align-right\"><strong>45\u20ac<\/strong><\/p>\n\n\n\n<h4 class=\"wp-block-heading\"><strong><strong>UDVARTANA, gommage-massage<\/strong><\/strong> &#8211; 50 min<\/h4>\n\n\n\n<p><em>Elimine les cellules mortes et affine le grain de peau, pr\u00e9pare la peau \u00e0 recevoir un soin, apporte d\u00e9tente et bien \u00eatre.<\/em> <em>La peau devient plus souple et douce.<\/em><\/p>\n\n\n\n<p class=\"has-text-align-right\"><strong>45\u20ac<\/strong><\/p>\n\n\n\n<h4 class=\"wp-block-heading\"><strong><strong><strong>SOIN DES PIEDS AU BOL KANSU<\/strong><\/strong><\/strong> &#8211; 50 min<\/h4>\n\n\n\n<p><em>Le<strong>&nbsp;<\/strong>massage des pieds au bol KANSU est une tradition indienne qui vise \u00e0 un nettoyage des pieds suivi d\u2019un modelage au beurre bio clarifi\u00e9 appel\u00e9 \u00ab&nbsp;ghee&nbsp;\u00bb fait maison !Ce soin nourrit la peau, favorise une relaxation profonde, stimule la circulation, harmonise les \u00e9nergies et permet d\u2019avancer !<\/em><\/p>\n\n\n\n<p class=\"has-text-align-right\"><strong>50\u20ac<\/strong><\/p>\n\n\n\n<h4 class=\"wp-block-heading\"><strong><strong>D\u00c9TENTE DU DOS<\/strong><\/strong> &#8211; 30 min <\/h4>\n\n\n\n<p><em>Massage complet du dos avec de l\u2019huile chaude vous apportant d\u00e9tente g\u00e9n\u00e9rale et bien &#8211; \u00eatre. Permet de d\u00e9nouer les tensions nerveuses et musculaires.<\/em> <em>Id\u00e9al pour un premier massage.<\/em><\/p>\n\n\n\n<p class=\"has-text-align-right\"><strong>40\u20ac<\/strong><\/p>\n\n\n\n<div style=\"height:100px\" aria-hidden=\"true\" class=\"wp-block-spacer\"><\/div>\n\n\n\n<div class=\"wp-block-buttons is-content-justification-center is-layout-flex wp-container-core-buttons-is-layout-a89b3969 wp-block-buttons-is-layout-flex\">\n<div class=\"wp-block-button\"><a class=\"wp-block-button__link wp-element-button\" href=\"mailto:chezjuliette.bienetre@gmail.com\">R\u00e9server un soin<\/a><\/div>\n\n\n\n<div class=\"wp-block-button\"><a class=\"wp-block-button__link wp-element-button\" href=\"https:\/\/chezjuliettebienetre.fr\/index.php\/mes-soins\/\">&lt; Pr\u00e9c\u00e9dent<\/a><\/div>\n\n\n\n<div class=\"wp-block-button\"><a class=\"wp-block-button__link wp-element-button\" href=\"https:\/\/chezjuliettebienetre.fr\">Retour page d&rsquo;accueil<\/a><\/div>\n<\/div>\n\n\n\n<div class=\"wp-block-group is-layout-constrained wp-block-group-is-layout-constrained\">\n<div style=\"height:100px\" aria-hidden=\"true\" class=\"wp-block-spacer\"><\/div>\n<\/div>\n\n\n\n<div class=\"wp-block-group has-raft-bg-alt-background-color has-background is-layout-constrained wp-block-group-is-layout-constrained\" style=\"margin-top:0;margin-bottom:0;padding-top:64px;padding-bottom:64px\">\n<div class=\"wp-block-columns alignwide is-layout-flex wp-container-core-columns-is-layout-28f84493 wp-block-columns-is-layout-flex\">\n<div class=\"wp-block-column is-layout-flow wp-block-column-is-layout-flow\">\n<h3 class=\"wp-block-heading has-normal-font-size\" style=\"text-transform:uppercase\">chez juliette<\/h3>\n\n\n\n<p>Soins naturels visage et corps personnalis\u00e9s en P\u00e9v\u00e8le, M\u00e9lantois et M\u00e9tropole Lilloise<\/p>\n\n\n\n<div class=\"wp-block-buttons is-layout-flex wp-block-buttons-is-layout-flex\">\n<div class=\"wp-block-button\"><a class=\"wp-block-button__link wp-element-button\" href=\"https:\/\/chezjuliettebienetre.fr\/index.php\/mes-soins\/\" style=\"padding-top:8px;padding-right:16px;padding-bottom:8px;padding-left:16px\">D\u00e9couvrir mes prestations<\/a><\/div>\n<\/div>\n<\/div>\n\n\n\n<div class=\"wp-block-column is-layout-flow wp-block-column-is-layout-flow\">\n<h3 class=\"wp-block-heading has-text-align-left has-normal-font-size\" style=\"text-transform:uppercase\">RESTONS EN CONTACT<\/h3>\n\n\n\n<p class=\"has-text-align-left\">Retrouvez-moi sur les r\u00e9seaux et abonnez-vous pour suivre au quotidien mes conseils bien-\u00eatre<\/p>\n\n\n\n<ul class=\"wp-block-social-links has-icon-color has-icon-background-color is-content-justification-left is-layout-flex wp-container-core-social-links-is-layout-fc4fd283 wp-block-social-links-is-layout-flex\"><li style=\"color:#FDFDFD;background-color:#C26148;\" class=\"wp-social-link wp-social-link-facebook has-raft-fg-alt-color has-raft-accent-background-color wp-block-social-link\"><a href=\"https:\/\/www.facebook.com\/chezjuliette.bienetre\" class=\"wp-block-social-link-anchor\"><svg width=\"24\" height=\"24\" viewBox=\"0 0 24 24\" version=\"1.1\" xmlns=\"http:\/\/www.w3.org\/2000\/svg\" aria-hidden=\"true\" focusable=\"false\"><path d=\"M12 2C6.5 2 2 6.5 2 12c0 5 3.7 9.1 8.4 9.9v-7H7.9V12h2.5V9.8c0-2.5 1.5-3.9 3.8-3.9 1.1 0 2.2.2 2.2.2v2.5h-1.3c-1.2 0-1.6.8-1.6 1.6V12h2.8l-.4 2.9h-2.3v7C18.3 21.1 22 17 22 12c0-5.5-4.5-10-10-10z\"><\/path><\/svg><span class=\"wp-block-social-link-label screen-reader-text\">Facebook<\/span><\/a><\/li>\n\n<li style=\"color:#FDFDFD;background-color:#C26148;\" class=\"wp-social-link wp-social-link-instagram has-raft-fg-alt-color has-raft-accent-background-color wp-block-social-link\"><a href=\"https:\/\/www.instagram.com\/chezjuliette_bienetre\" class=\"wp-block-social-link-anchor\"><svg width=\"24\" height=\"24\" viewBox=\"0 0 24 24\" version=\"1.1\" xmlns=\"http:\/\/www.w3.org\/2000\/svg\" aria-hidden=\"true\" focusable=\"false\"><path d=\"M12,4.622c2.403,0,2.688,0.009,3.637,0.052c0.877,0.04,1.354,0.187,1.671,0.31c0.42,0.163,0.72,0.358,1.035,0.673 c0.315,0.315,0.51,0.615,0.673,1.035c0.123,0.317,0.27,0.794,0.31,1.671c0.043,0.949,0.052,1.234,0.052,3.637 s-0.009,2.688-0.052,3.637c-0.04,0.877-0.187,1.354-0.31,1.671c-0.163,0.42-0.358,0.72-0.673,1.035 c-0.315,0.315-0.615,0.51-1.035,0.673c-0.317,0.123-0.794,0.27-1.671,0.31c-0.949,0.043-1.233,0.052-3.637,0.052 s-2.688-0.009-3.637-0.052c-0.877-0.04-1.354-0.187-1.671-0.31c-0.42-0.163-0.72-0.358-1.035-0.673 c-0.315-0.315-0.51-0.615-0.673-1.035c-0.123-0.317-0.27-0.794-0.31-1.671C4.631,14.688,4.622,14.403,4.622,12 s0.009-2.688,0.052-3.637c0.04-0.877,0.187-1.354,0.31-1.671c0.163-0.42,0.358-0.72,0.673-1.035 c0.315-0.315,0.615-0.51,1.035-0.673c0.317-0.123,0.794-0.27,1.671-0.31C9.312,4.631,9.597,4.622,12,4.622 M12,3 C9.556,3,9.249,3.01,8.289,3.054C7.331,3.098,6.677,3.25,6.105,3.472C5.513,3.702,5.011,4.01,4.511,4.511 c-0.5,0.5-0.808,1.002-1.038,1.594C3.25,6.677,3.098,7.331,3.054,8.289C3.01,9.249,3,9.556,3,12c0,2.444,0.01,2.751,0.054,3.711 c0.044,0.958,0.196,1.612,0.418,2.185c0.23,0.592,0.538,1.094,1.038,1.594c0.5,0.5,1.002,0.808,1.594,1.038 c0.572,0.222,1.227,0.375,2.185,0.418C9.249,20.99,9.556,21,12,21s2.751-0.01,3.711-0.054c0.958-0.044,1.612-0.196,2.185-0.418 c0.592-0.23,1.094-0.538,1.594-1.038c0.5-0.5,0.808-1.002,1.038-1.594c0.222-0.572,0.375-1.227,0.418-2.185 C20.99,14.751,21,14.444,21,12s-0.01-2.751-0.054-3.711c-0.044-0.958-0.196-1.612-0.418-2.185c-0.23-0.592-0.538-1.094-1.038-1.594 c-0.5-0.5-1.002-0.808-1.594-1.038c-0.572-0.222-1.227-0.375-2.185-0.418C14.751,3.01,14.444,3,12,3L12,3z M12,7.378 c-2.552,0-4.622,2.069-4.622,4.622S9.448,16.622,12,16.622s4.622-2.069,4.622-4.622S14.552,7.378,12,7.378z M12,15 c-1.657,0-3-1.343-3-3s1.343-3,3-3s3,1.343,3,3S13.657,15,12,15z M16.804,6.116c-0.596,0-1.08,0.484-1.08,1.08 s0.484,1.08,1.08,1.08c0.596,0,1.08-0.484,1.08-1.08S17.401,6.116,16.804,6.116z\"><\/path><\/svg><span class=\"wp-block-social-link-label screen-reader-text\">Instagram<\/span><\/a><\/li><\/ul>\n<\/div>\n<\/div>\n<\/div>\n","protected":false},"excerpt":{"rendered":"<p>Relaxant, \u00e9nergisant, th\u00e9rapeutique, le massage pr\u00e9sente de nombreuses vertus sant\u00e9. Si sa pratique diff\u00e8re d&rsquo;une tradition \u00e0 l&rsquo;autre, il reste un outil de bien-\u00eatre pour pr\u00e9server son corps et son esprit. Offrez-vous un moment unique de l\u00e2cher prise et de s\u00e9r\u00e9nit\u00e9. UDARA &#8211; 45 min Soin du ventre pour lutter contre les ballonnements, la constipation, [&hellip;]<\/p>\n","protected":false},"author":1,"featured_media":0,"parent":0,"menu_order":0,"comment_status":"closed","ping_status":"closed","template":"","meta":{"footnotes":""},"class_list":["post-233","page","type-page","status-publish","hentry"],"_links":{"self":[{"href":"https:\/\/chezjuliettebienetre.fr\/index.php\/wp-json\/wp\/v2\/pages\/233","targetHints":{"allow":["GET"]}}],"collection":[{"href":"https:\/\/chezjuliettebienetre.fr\/index.php\/wp-json\/wp\/v2\/pages"}],"about":[{"href":"https:\/\/chezjuliettebienetre.fr\/index.php\/wp-json\/wp\/v2\/types\/page"}],"author":[{"embeddable":true,"href":"https:\/\/chezjuliettebienetre.fr\/index.php\/wp-json\/wp\/v2\/users\/1"}],"replies":[{"embeddable":true,"href":"https:\/\/chezjuliettebienetre.fr\/index.php\/wp-json\/wp\/v2\/comments?post=233"}],"version-history":[{"count":11,"href":"https:\/\/chezjuliettebienetre.fr\/index.php\/wp-json\/wp\/v2\/pages\/233\/revisions"}],"predecessor-version":[{"id":306,"href":"https:\/\/chezjuliettebienetre.fr\/index.php\/wp-json\/wp\/v2\/pages\/233\/revisions\/306"}],"wp:attachment":[{"href":"https:\/\/chezjuliettebienetre.fr\/index.php\/wp-json\/wp\/v2\/media?parent=233"}],"curies":[{"name":"wp","href":"https:\/\/api.w.org\/{rel}","templated":true}]}}