{"id":257,"date":"2024-11-21T23:55:04","date_gmt":"2024-11-21T22:55:04","guid":{"rendered":"https:\/\/chezjuliettebienetre.fr\/?page_id=257"},"modified":"2024-11-21T23:59:38","modified_gmt":"2024-11-21T22:59:38","slug":"quest-ce-que-layurveda","status":"publish","type":"page","link":"https:\/\/chezjuliettebienetre.fr\/index.php\/quest-ce-que-layurveda\/","title":{"rendered":"Qu&rsquo;est-ce que l&rsquo;Ayurveda ?"},"content":{"rendered":"\n<div class=\"wp-block-group is-layout-constrained wp-block-group-is-layout-constrained\">\n<p class=\"has-raft-fg-color has-text-color\"><\/p>\n\n\n\n<figure class=\"wp-block-image alignleft size-large is-resized\"><img loading=\"lazy\" decoding=\"async\" width=\"1024\" height=\"1024\" src=\"https:\/\/chezjuliettebienetre.fr\/wp-content\/uploads\/2024\/11\/IMG_9995-1024x1024.png\" alt=\"\" class=\"wp-image-259\" style=\"width:416px;height:auto\" srcset=\"https:\/\/chezjuliettebienetre.fr\/wp-content\/uploads\/2024\/11\/IMG_9995-1024x1024.png 1024w, https:\/\/chezjuliettebienetre.fr\/wp-content\/uploads\/2024\/11\/IMG_9995-300x300.png 300w, https:\/\/chezjuliettebienetre.fr\/wp-content\/uploads\/2024\/11\/IMG_9995-150x150.png 150w, https:\/\/chezjuliettebienetre.fr\/wp-content\/uploads\/2024\/11\/IMG_9995-768x767.png 768w, https:\/\/chezjuliettebienetre.fr\/wp-content\/uploads\/2024\/11\/IMG_9995.png 1110w\" sizes=\"auto, (max-width: 1024px) 100vw, 1024px\" \/><\/figure>\n\n\n\n<p class=\"has-text-align-left has-raft-fg-color has-text-color\">L&rsquo;ayurveda est une m\u00e9decine traditionnelle originaire de l&rsquo;Inde, vieille de plusieurs milliers d&rsquo;ann\u00e9es. Son nom signifie \u00ab\u00a0science de la vie\u00a0\u00bb.<\/p>\n\n\n\n<p><\/p>\n\n\n\n<p><\/p>\n\n\n\n<p>Elle vise \u00e0 maintenir l&rsquo;\u00e9quilibre entre le corps, l&rsquo;esprit et l&rsquo;\u00e2me en harmonie avec la nature, gr\u00e2ce \u00e0 des pratiques comme l&rsquo;alimentation, les \u00e9pices, les plantes et huiles essentielles , le yoga, les massages, la m\u00e9ditation et les rem\u00e8des naturels.<\/p>\n\n\n\n<p><\/p>\n\n\n\n<p><\/p>\n\n\n\n<p><\/p>\n\n\n\n<p><\/p>\n\n\n\n<p><\/p>\n\n\n\n<p>Il existe trois doshas en ayurveda : VATA, PITTA et KAPHA.<\/p>\n\n\n\n<p>Ceux sont des \u00e9nergies vitales qui r\u00e9gissent le corps et l&rsquo;esprit.&nbsp;<\/p>\n\n\n\n<p><\/p>\n\n\n\n<p>Chaque individu a une combinaison unique de ces trois doshas, qui influencent sa constitution et son bien-\u00eatre<\/p>\n\n\n\n<p class=\"has-text-align-left has-raft-fg-color has-text-color\">L&rsquo;objectif de l&rsquo;ayurveda est de r\u00e9\u00e9quilibrer ces doshas pour une sant\u00e9 optimale et une vie harmonieuse.<\/p>\n\n\n\n<p><\/p>\n<\/div>\n\n\n\n<div class=\"wp-block-group is-layout-constrained wp-block-group-is-layout-constrained\">\n<div class=\"wp-block-buttons is-content-justification-center is-layout-flex wp-container-core-buttons-is-layout-a89b3969 wp-block-buttons-is-layout-flex\">\n<div class=\"wp-block-button\"><a class=\"wp-block-button__link wp-element-button\" href=\"https:\/\/chezjuliettebienetre.fr\/index.php\/mes-soins\/\">D\u00e9couvrir mes soins<\/a><\/div>\n\n\n\n<div class=\"wp-block-button\"><a class=\"wp-block-button__link wp-element-button\" href=\"mailto:chezjuliette.bienetre@gmail.com\">Prendre rendez-vous<\/a><\/div>\n\n\n\n<div class=\"wp-block-button\"><a class=\"wp-block-button__link wp-element-button\" href=\"https:\/\/chezjuliettebienetre.fr\">Retourner \u00e0 l&rsquo;Accueil<\/a><\/div>\n<\/div>\n<\/div>\n","protected":false},"excerpt":{"rendered":"<p>L&rsquo;ayurveda est une m\u00e9decine traditionnelle originaire de l&rsquo;Inde, vieille de plusieurs milliers d&rsquo;ann\u00e9es. Son nom signifie \u00ab\u00a0science de la vie\u00a0\u00bb. Elle vise \u00e0 maintenir l&rsquo;\u00e9quilibre entre le corps, l&rsquo;esprit et l&rsquo;\u00e2me en harmonie avec la nature, gr\u00e2ce \u00e0 des pratiques comme l&rsquo;alimentation, les \u00e9pices, les plantes et huiles essentielles , le yoga, les massages, la [&hellip;]<\/p>\n","protected":false},"author":1,"featured_media":0,"parent":0,"menu_order":0,"comment_status":"closed","ping_status":"closed","template":"","meta":{"footnotes":""},"class_list":["post-257","page","type-page","status-publish","hentry"],"_links":{"self":[{"href":"https:\/\/chezjuliettebienetre.fr\/index.php\/wp-json\/wp\/v2\/pages\/257","targetHints":{"allow":["GET"]}}],"collection":[{"href":"https:\/\/chezjuliettebienetre.fr\/index.php\/wp-json\/wp\/v2\/pages"}],"about":[{"href":"https:\/\/chezjuliettebienetre.fr\/index.php\/wp-json\/wp\/v2\/types\/page"}],"author":[{"embeddable":true,"href":"https:\/\/chezjuliettebienetre.fr\/index.php\/wp-json\/wp\/v2\/users\/1"}],"replies":[{"embeddable":true,"href":"https:\/\/chezjuliettebienetre.fr\/index.php\/wp-json\/wp\/v2\/comments?post=257"}],"version-history":[{"count":3,"href":"https:\/\/chezjuliettebienetre.fr\/index.php\/wp-json\/wp\/v2\/pages\/257\/revisions"}],"predecessor-version":[{"id":263,"href":"https:\/\/chezjuliettebienetre.fr\/index.php\/wp-json\/wp\/v2\/pages\/257\/revisions\/263"}],"wp:attachment":[{"href":"https:\/\/chezjuliettebienetre.fr\/index.php\/wp-json\/wp\/v2\/media?parent=257"}],"curies":[{"name":"wp","href":"https:\/\/api.w.org\/{rel}","templated":true}]}}